{"id":2,"date":"2020-11-08T11:45:55","date_gmt":"2020-11-08T11:45:55","guid":{"rendered":"https:\/\/academinfo.com\/?page_id=2"},"modified":"2020-12-12T17:41:18","modified_gmt":"2020-12-12T17:41:18","slug":"sample-page","status":"publish","type":"page","link":"https:\/\/academinfo.com\/","title":{"rendered":"Academinfo: asistencia para encontrar leyes e informaci\u00f3n legal"},"content":{"rendered":"<p>El sitio web \u00abAcademinfo\u00bb fue creado con el fin de ayudar en la b\u00fasqueda de informaci\u00f3n legal, as\u00ed como en la soluci\u00f3n de diversos problemas que surgen en la pr\u00e1ctica de los abogados.<\/p>\n<p>El sitio contiene leyes, pr\u00e1ctica judicial (decisiones judiciales en casos penales y civiles), informaci\u00f3n de car\u00e1cter educativo, cient\u00edfico y cognitivo, que se ubica en secciones tem\u00e1ticas. Tambi\u00e9n en el sitio puede encontrar soluciones a problemas complejos.<\/p>\n<p><img loading=\"lazy\" decoding=\"async\" class=\"alignleft wp-image-77 size-medium\" title=\"El derecho\u200b es un conjunto de principios y normas, generalmente inspirados en ideas de justicia y orden, que regulan las relaciones humanas en toda sociedad y cuya observancia es impuesta de forma coactiva por parte de un poder p\u00fablico\" src=\"https:\/\/academinfo.com\/wp-content\/uploads\/2020\/11\/Derecho-300x214.jpg\" alt=\"Derecho\" width=\"300\" height=\"214\" srcset=\"https:\/\/academinfo.com\/wp-content\/uploads\/2020\/11\/Derecho-300x214.jpg 300w, https:\/\/academinfo.com\/wp-content\/uploads\/2020\/11\/Derecho-260x186.jpg 260w, https:\/\/academinfo.com\/wp-content\/uploads\/2020\/11\/Derecho-160x114.jpg 160w, https:\/\/academinfo.com\/wp-content\/uploads\/2020\/11\/Derecho.jpg 350w\" sizes=\"auto, (max-width: 300px) 100vw, 300px\" \/><\/p>\n<p><em>Asistencia legal al presentar una solicitud ante el Tribunal Europeo de Derechos Humanos<\/em><\/p>\n<p>El Tribunal Europeo de Derechos Humanos (<a href=\"https:\/\/www.echr.coe.int\/Pages\/home.aspx?p=home\" target=\"_blank\" rel=\"noopener noreferrer\">TEDH<\/a>) es la m\u00e1xima autoridad judicial para la garant\u00eda de los derechos humanos y libertades fundamentales en toda Europa, excepto Bielorrusia, Kazajist\u00e1n y la Ciudad del Vaticano. Se trata de un tribunal internacional ante el que cualquier persona que considere haber sido v\u00edctima de una violaci\u00f3n de sus derechos reconocidos por el Convenio para la Protecci\u00f3n de los Derechos Humanos y de las Libertades Fundamentales (CEDH) o cualquiera de sus Protocolos adicionales, mientras se encontraba legalmente bajo la jurisdicci\u00f3n de un Estado miembro del Consejo de Europa, y que haya agotado sin \u00e9xito los recursos judiciales disponibles en ese Estado, puede presentar una denuncia contra dicho Estado por violaci\u00f3n del Convenio.<\/p>\n<p>Nuevas decisiones del Tribunal Europeo de Derechos Humanos:<\/p>\n<ul>\n<li>CASO DE SAH\u0130N ALPAY c. TURQU\u00cdA. Demanda n\u00ba <a href=\"https:\/\/academinfo.com\/?p=131\" target=\"_blank\" rel=\"noopener\">16538\/17<\/a>. En correspondencia del d\u00eda 18 de enero de 2018, el demandante inform\u00f3 a este Tribunal de que el Tribunal Constitucional hab\u00eda dictado un veredicto sobre su apelaci\u00f3n y de que el Tribunal de lo Penal de Estambul hab\u00eda rechazado su solicitud de excarcelaci\u00f3n a pesar de la sentencia del Tribunal Constitucional que reconoc\u00eda una trasgresi\u00f3n. En una carta fechada el 19 de enero de 2018 este Tribunal invit\u00f3 al Gobierno a presentar comentarios al respecto. El 29 de enero de 2018 el Gobierno envi\u00f3 sus comentarios.<\/li>\n<li>ASUNTO ZUBAC v. CROACIA. Demanda no. <a href=\"https:\/\/academinfo.com\/?p=129\" target=\"_blank\" rel=\"noopener\">40160\/12<\/a>. El asunto se inici\u00f3 mediante demanda (no. 40160\/12) contra la Rep\u00fablica de Croacia, interpuesta ante este tribunal (\u201cel Tribunal\u201d) con arreglo al art\u00edculo 34 del Convenio Europeo para la Protecci\u00f3n de los Derechos Humanos y de las Libertades Fundamentales (\u201cla Convenci\u00f3n\u201d) por una ciudadana de Bosnia-Herzegovina, la se\u00f1ora Vesna Zubac (\u201cla demandante\u201d), el 30 de mayo de 2012.<\/li>\n<li>CASO DE PIROZZI c. B\u00c9LGICA. Demanda No. <a href=\"https:\/\/academinfo.com\/?p=127\" target=\"_blank\" rel=\"noopener\">21055\/11<\/a>. El caso trae origen en la demanda No. 21055\/11 dirigida contra el Reino de B\u00e9lgica interpuesta ante el Tribunal el 22 de Marzo de 2011 por parte de un ciudadano italiano, el Sr. Vittori Pirozzi (\u00abel demandante\u00bb) en virtud del Art\u00edculo 34 del Convenio para la Protecci\u00f3n de los Derechos Humanos y las Libertades Fundamentales (en adelante el \u201cConvenio\u201d).<\/li>\n<li>Jorge Manuel L\u00c1ZARO LAPORTA c. ESPA\u00d1A. Demanda nos <a href=\"https:\/\/academinfo.com\/?p=102\" target=\"_blank\" rel=\"noopener\">32754\/16<\/a>. El demandante trabajaba como profesor asociado en la Universidad Polit\u00e9cnica de Valencia. Mediante resoluci\u00f3n de 3 de noviembre de 2005, la Universidad inici\u00f3 un procedimiento disciplinario contra el demandante por acceder sin autorizaci\u00f3n a las cuentas de correo de algunos de sus compa\u00f1eros de Universidad. Las autoridades universitarias, as\u00ed como la polic\u00eda, llevaron a cabo una serie de investigaciones.<\/li>\n<li>ASUNTO MARIYA ALEKHINA Y OTRAS v. RUSIA. Demanda n\u00ba <a href=\"https:\/\/academinfo.com\/?p=100\" target=\"_blank\" rel=\"noopener\">38004\/12<\/a>. El asunto se inici\u00f3 mediante demanda (n\u00ba 38004\/12) contra la Federaci\u00f3n Rusa interpuesta ante este Tribunal con arreglo al art\u00edculo 34 del Convenio para la Protecci\u00f3n de los Derechos Humanos y las Libertades Fundamentales (\u201cel Convenio\u201d) por tres ciudadanas rusas, Sra. Mariya Vladimirovna Alekhina, Sra. Nadezhda Andreyevna Tolokonnikova y la Sra. Yekaterina Stanislavovna Samutsevich (\u201clas demandantes\u201d), el 19 de junio de 2012.<\/li>\n<li>ASUNTO ARR\u00d3ZPIDE SARASOLA Y OTROS c. ESPA\u00d1A. Demandas nos <a href=\"https:\/\/academinfo.com\/?p=96\" target=\"_blank\" rel=\"noopener\">65101\/16 y otras 2<\/a> \u2013 ver Anexo. El caso tiene su origen en tres demandas (n\u00ba 65101\/16, 73789\/16 y 73902\/16) interpuestas ante el TEDH contra el Reino de Espa\u00f1a por tres nacionales de este Estado, los Sres. Santiago Arr\u00f3zpide Sarasola (\u201cel primer demandante\u201d), Alberto Plazaola Anduaga (\u201cel segundo demandante\u201d) y Francisco M\u00fagica Garmendia (\u201cel tercer demandante\u201d) los d\u00edas 4, 23 y 21 de noviembre de 2016, respectivamente, en virtud del art\u00edculo 34 del Convenio para la Protecci\u00f3n de los Derechos Humanos y de las Libertades Fundamentales (\u201cel Convenio\u201d).<\/li>\n<\/ul>\n<p>Es importante resaltar que el TEDH no es una instituci\u00f3n de la\u00a0Uni\u00f3n Europea, no est\u00e1 relacionado con ella ni por lo tanto con el\u00a0Tribunal de Justicia de la Uni\u00f3n Europea. El TEDH es un \u00f3rgano judicial que se crea en virtud del\u00a0CEDH.<\/p>\n<p>El Tribunal de Justicia de la Uni\u00f3n Europea (<a href=\"https:\/\/curia.europa.eu\/jcms\/jcms\/Jo1_6308\/\" target=\"_blank\" rel=\"noopener\">TJUE<\/a>) (franc\u00e9s : Cour de Justice de l&#8217;Union europ\u00e9enne \u00abCJUE\u00bb) es una instituci\u00f3n de la Uni\u00f3n Europea (UE) a la que est\u00e1 encomendada la potestad jurisdiccional o poder judicial en la Uni\u00f3n. Su misi\u00f3n es interpretar y aplicar el Derecho de la Uni\u00f3n Europea, y se caracteriza por su naturaleza org\u00e1nica compuesta y su funcionamiento y autoridad supranacionales. Hasta la entrada en vigor, el 1 de diciembre de 2009, del Tratado de Lisboa su denominaci\u00f3n era la de \u00abTribunal de Justicia de las Comunidades Europeas\u00bb.<\/p>\n<p>El derecho\u200b es un conjunto de principios y normas, generalmente inspirados en ideas de justicia y orden, que regulan las relaciones humanas en toda sociedad y cuya observancia es impuesta de forma coactiva por parte de un poder p\u00fablico.\u200b El conjunto de principios y normas jur\u00eddicas de un Estado determinado constituye su ordenamiento jur\u00eddico. El derecho tambi\u00e9n es la ciencia social que estudia, interpreta y sistematiza el ordenamiento para su correcta aplicaci\u00f3n. El derecho guarda una \u00edntima conexi\u00f3n con la pol\u00edtica, la econom\u00eda, la sociolog\u00eda y la historia, y es el centro de problemas humanos complejos como la determinaci\u00f3n de lo que es justo.<\/p>\n<p>No hay una definici\u00f3n del derecho generalmente aceptada o consensuada. Las cuestiones m\u00e1s generales sobre el car\u00e1cter y el contenido del derecho son estudiadas por la filosof\u00eda del derecho y la teor\u00eda del derecho. Por ello, el derecho ha sido considerado simult\u00e1neamente una ciencia y un arte.<\/p>\n<p>En el siglo III el jurista romano Ulpiano acu\u00f1\u00f3 la divisi\u00f3n de la ciencia del derecho en dos grandes ramas: el derecho p\u00fablico, que regula la actuaci\u00f3n de los poderes p\u00fablicos; y el derecho privado, que regula las relaciones entre personas f\u00edsicas y jur\u00eddicas. Esta divisi\u00f3n, a grandes rasgos, persiste en la actualidad. Algunas ramas importantes del derecho p\u00fablico son, entre otras, el derecho constitucional, el derecho administrativo o el derecho penal; al derecho privado pertenecen el derecho civil, el mercantil o el derecho del trabajo. Algunas disciplinas como el derecho internacional tambi\u00e9n obedecen a esta clasificaci\u00f3n, dividi\u00e9ndose en derecho internacional p\u00fablico y privado.<\/p>\n<p>En el sitio puede encontrar art\u00edculos que contienen la experiencia pr\u00e1ctica de los abogados, eventos en el campo de la actividad legislativa, la ciencia, que son parte integral del proceso de aprendizaje. Se examinan los problemas que enfrentan los organismos encargados de hacer cumplir la ley y los ciudadanos al aplicar determinadas leyes y las formas de resolverlos. Esperamos que nuestro sitio web Academinfo le ayude a resolver problemas de inter\u00e9s.<\/p>\n","protected":false},"excerpt":{"rendered":"<p>El sitio web \u00abAcademinfo\u00bb fue creado con el fin de ayudar en la b\u00fasqueda de informaci\u00f3n legal, as\u00ed como en la soluci\u00f3n de diversos problemas que surgen en la pr\u00e1ctica de los abogados. El sitio contiene leyes, pr\u00e1ctica judicial (decisiones&hellip;<\/p>\n<p class=\"more-link-p\"><a class=\"more-link\" href=\"https:\/\/academinfo.com\/\">Read more &rarr;<\/a><\/p>\n","protected":false},"author":1,"featured_media":0,"parent":0,"menu_order":0,"comment_status":"closed","ping_status":"open","template":"","meta":{"_lmt_disableupdate":"","_lmt_disable":"","footnotes":""},"class_list":["post-2","page","type-page","status-publish","hentry"],"_links":{"self":[{"href":"https:\/\/academinfo.com\/index.php?rest_route=\/wp\/v2\/pages\/2","targetHints":{"allow":["GET"]}}],"collection":[{"href":"https:\/\/academinfo.com\/index.php?rest_route=\/wp\/v2\/pages"}],"about":[{"href":"https:\/\/academinfo.com\/index.php?rest_route=\/wp\/v2\/types\/page"}],"author":[{"embeddable":true,"href":"https:\/\/academinfo.com\/index.php?rest_route=\/wp\/v2\/users\/1"}],"replies":[{"embeddable":true,"href":"https:\/\/academinfo.com\/index.php?rest_route=%2Fwp%2Fv2%2Fcomments&post=2"}],"version-history":[{"count":16,"href":"https:\/\/academinfo.com\/index.php?rest_route=\/wp\/v2\/pages\/2\/revisions"}],"predecessor-version":[{"id":142,"href":"https:\/\/academinfo.com\/index.php?rest_route=\/wp\/v2\/pages\/2\/revisions\/142"}],"wp:attachment":[{"href":"https:\/\/academinfo.com\/index.php?rest_route=%2Fwp%2Fv2%2Fmedia&parent=2"}],"curies":[{"name":"wp","href":"https:\/\/api.w.org\/{rel}","templated":true}]}}