{"id":195,"date":"2018-01-01T14:52:34","date_gmt":"2018-01-01T14:52:34","guid":{"rendered":"https:\/\/academinfo.com\/?page_id=195"},"modified":"2023-11-02T14:56:51","modified_gmt":"2023-11-02T14:56:51","slug":"descargo-de-responsabilidad","status":"publish","type":"page","link":"https:\/\/academinfo.com\/?page_id=195","title":{"rendered":"Descargo de responsabilidad"},"content":{"rendered":"<p>Cualquier opini\u00f3n y punto de vista que se exprese aqu\u00ed es una opini\u00f3n puramente individual.<\/p>\n<p><strong>Correo electr\u00f3nico<\/strong><\/p>\n<p>La direcci\u00f3n de correo electr\u00f3nico mencionada en el formulario de comentarios siempre se utilizar\u00e1 para fines de privacidad y nunca se utilizar\u00e1 para enviar spam ni se vender\u00e1 a nadie.<\/p>\n<p>Si necesita m\u00e1s informaci\u00f3n o tiene alguna pregunta sobre el descargo de responsabilidad de nuestro sitio, no dude en contactarnos por correo electr\u00f3nico en <a href=\"https:\/\/academinfo.com\/?page_id=197\">Formulario de contacto<\/a>.<\/p>\n<p>Toda la informaci\u00f3n contenida en este sitio web se publica de buena fe y \u00fanicamente con fines de informaci\u00f3n general. Academinfo.com no ofrece ninguna garant\u00eda sobre la integridad, confiabilidad y precisi\u00f3n de esta informaci\u00f3n. Cualquier acci\u00f3n que realice sobre la informaci\u00f3n que encuentre en este sitio web (Academinfo.com) es estrictamente bajo su propio riesgo. Academinfo.com no ser\u00e1 responsable de ninguna p\u00e9rdida y\/o da\u00f1o relacionado con el uso de nuestro sitio web.<\/p>\n<p>Desde nuestro sitio web, puede visitar otros sitios web siguiendo hiperv\u00ednculos a dichos sitios externos. Si bien nos esforzamos por proporcionar \u00fanicamente enlaces de calidad a sitios web \u00fatiles y \u00e9ticos, no tenemos control sobre el contenido ni la naturaleza de estos sitios. Estos enlaces a otros sitios web no implican una recomendaci\u00f3n para todo el contenido que se encuentra en dichos sitios. Los propietarios y el contenido del sitio pueden cambiar sin previo aviso y pueden ocurrir antes de que tengamos la oportunidad de eliminar un enlace que pueda haber resultado &#8216;malo&#8217;.<\/p>\n<p>Tenga en cuenta tambi\u00e9n que cuando abandona nuestro sitio web, otros sitios pueden tener pol\u00edticas y t\u00e9rminos de privacidad diferentes que est\u00e1n fuera de nuestro control. Aseg\u00farese de consultar las Pol\u00edticas de privacidad de estos sitios, as\u00ed como sus \u201cT\u00e9rminos de servicio\u201d antes de realizar cualquier negocio o cargar cualquier informaci\u00f3n.<\/p>\n<p><strong>Comentarios<\/strong><\/p>\n<p>Nos encantan los comentarios, pero cualquier comentario que sea abusivo, que difunda odio, racial o que de alguna manera hiera la opini\u00f3n de alguien nunca ser\u00e1 aceptado. Mantenemos nuestros comentarios moderados para mantener la integridad de las personas. Nos reservamos todos los derechos de aceptar o rechazar los comentarios.<\/p>\n<p><strong>Pol\u00edtica de publicidad<\/strong><\/p>\n<p>Utilizamos una empresa de publicidad de terceros para publicar publicidad. Algunos de ellos, como Adsense, utilizan la cookie DART para publicar anuncios basados \u200b\u200ben el inter\u00e9s del usuario y la interacci\u00f3n previa. Aunque el usuario siempre puede optar por no participar en la configuraci\u00f3n de cookies de DARt visitando la pol\u00edtica de privacidad de la red de contenido y anuncios de Google (https:\/\/policies.google.com\/technologies\/ads).<\/p>\n<p><strong>Consentir<\/strong><\/p>\n<p>Al utilizar nuestro sitio web, por la presente usted acepta nuestra exenci\u00f3n de responsabilidad y acepta sus t\u00e9rminos.<\/p>\n<p>Este descargo de responsabilidad del sitio se actualiz\u00f3 por \u00faltima vez el: martes 1 de enero de 2018.<\/p>\n<p>Si actualizamos, modificamos o realizamos cambios en este documento, esos cambios se publicar\u00e1n de forma destacada aqu\u00ed.<\/p>\n","protected":false},"excerpt":{"rendered":"<p>Cualquier opini\u00f3n y punto de vista que se exprese aqu\u00ed es una opini\u00f3n puramente individual. Correo electr\u00f3nico La direcci\u00f3n de correo electr\u00f3nico mencionada en el formulario de comentarios siempre se utilizar\u00e1 para fines de privacidad y nunca se utilizar\u00e1 para&hellip;<\/p>\n<p class=\"more-link-p\"><a class=\"more-link\" href=\"https:\/\/academinfo.com\/?page_id=195\">Read more &rarr;<\/a><\/p>\n","protected":false},"author":1,"featured_media":0,"parent":0,"menu_order":0,"comment_status":"closed","ping_status":"closed","template":"","meta":{"_lmt_disableupdate":"no","_lmt_disable":"","footnotes":""},"class_list":["post-195","page","type-page","status-publish","hentry"],"_links":{"self":[{"href":"https:\/\/academinfo.com\/index.php?rest_route=\/wp\/v2\/pages\/195","targetHints":{"allow":["GET"]}}],"collection":[{"href":"https:\/\/academinfo.com\/index.php?rest_route=\/wp\/v2\/pages"}],"about":[{"href":"https:\/\/academinfo.com\/index.php?rest_route=\/wp\/v2\/types\/page"}],"author":[{"embeddable":true,"href":"https:\/\/academinfo.com\/index.php?rest_route=\/wp\/v2\/users\/1"}],"replies":[{"embeddable":true,"href":"https:\/\/academinfo.com\/index.php?rest_route=%2Fwp%2Fv2%2Fcomments&post=195"}],"version-history":[{"count":2,"href":"https:\/\/academinfo.com\/index.php?rest_route=\/wp\/v2\/pages\/195\/revisions"}],"predecessor-version":[{"id":200,"href":"https:\/\/academinfo.com\/index.php?rest_route=\/wp\/v2\/pages\/195\/revisions\/200"}],"wp:attachment":[{"href":"https:\/\/academinfo.com\/index.php?rest_route=%2Fwp%2Fv2%2Fmedia&parent=195"}],"curies":[{"name":"wp","href":"https:\/\/api.w.org\/{rel}","templated":true}]}}